{"id":3408,"date":"2021-05-13T23:21:46","date_gmt":"2021-05-13T21:21:46","guid":{"rendered":"https:\/\/astrophotomannheim.de\/?post_type=product&#038;p=3408"},"modified":"2026-01-13T23:18:36","modified_gmt":"2026-01-13T22:18:36","slug":"processing-five-sessions","status":"publish","type":"product","link":"https:\/\/astrophotomannheim.de\/de\/shop\/processing-five-sessions\/","title":{"rendered":"Learn the art of astroimage processing &#8211; Five Sessions"},"content":{"rendered":"<ul style=\"list-style-type: disc;\">\n<li class=\"product-single__description rte\">A 1-on-1 mentoring of editing your data \/ answering any questions you may have<\/li>\n<li>Professional processing steps clearly explained<\/li>\n<li>We edit a project of your choice<\/li>\n<li>Narrowband or Broadband data sets<\/li>\n<li>60 minutes session lengh for each session<\/li>\n<li>You&#8217;ll get my Pixinsight Template with step by step instructions to follow along<\/li>\n<li>All necessary plugins will be sent to you before we start the session<\/li>\n<li>Fast learning curve guaranteed<\/li>\n<li>24\/7 E-Mail Support between sessions<\/li>\n<li style=\"list-style-type: none;\">&nbsp;<\/li>\n<\/ul>","protected":false},"excerpt":{"rendered":"<section class=\"elementor-element elementor-element-0d12c45 elementor-section-boxed elementor-section-height-default elementor-section-height-default elementor-section elementor-top-section\" data-id=\"0d12c45\" data-element_type=\"section\">\n<div class=\"elementor-container elementor-column-gap-default\">\n<div class=\"elementor-row\">\n<div class=\"elementor-element elementor-element-a4c90e7 elementor-column elementor-col-100 elementor-top-column\" data-id=\"a4c90e7\" data-element_type=\"column\">\n<div class=\"elementor-column-wrap elementor-element-populated\">\n<div class=\"elementor-widget-wrap\">\n<div class=\"elementor-element elementor-element-af42920 elementor-widget elementor-widget-heading\" data-id=\"af42920\" data-element_type=\"widget\" data-widget_type=\"heading.default\">\n<div class=\"elementor-widget-container\">\n<section class=\"elementor-element elementor-element-76bf183 elementor-section-boxed elementor-section-height-default elementor-section-height-default elementor-section elementor-top-section\" data-id=\"76bf183\" data-element_type=\"section\">\n<div class=\"elementor-container elementor-column-gap-default\">\n<div class=\"elementor-row\">\n<div class=\"elementor-element elementor-element-6503783a elementor-column elementor-col-100 elementor-top-column\" data-id=\"6503783a\" data-element_type=\"column\">\n<div class=\"elementor-column-wrap elementor-element-populated\">\n<div class=\"elementor-widget-wrap\">\n<div class=\"elementor-element elementor-element-4910ca7e elementor-widget elementor-widget-heading\" data-id=\"4910ca7e\" data-element_type=\"widget\" data-widget_type=\"heading.default\">\n<div class=\"elementor-widget-container\">\n<section class=\"elementor-element elementor-element-48dc2b3a elementor-section-boxed elementor-section-height-default elementor-section-height-default elementor-section elementor-top-section\" data-id=\"48dc2b3a\" data-element_type=\"section\">\n<div class=\"elementor-container elementor-column-gap-default\">\n<div class=\"elementor-row\">\n<div class=\"elementor-element elementor-element-1419f0bd elementor-column elementor-col-100 elementor-top-column\" data-id=\"1419f0bd\" data-element_type=\"column\">\n<div class=\"elementor-column-wrap elementor-element-populated\">\n<div class=\"elementor-widget-wrap\">\n<div class=\"elementor-element elementor-element-6257355f elementor-widget elementor-widget-heading\" data-id=\"6257355f\" data-element_type=\"widget\" data-widget_type=\"heading.default\">\n<div class=\"elementor-widget-container\">\n<section class=\"elementor-element elementor-element-990e785 elementor-section-boxed elementor-section-height-default elementor-section-height-default elementor-section elementor-top-section\" data-id=\"990e785\" data-element_type=\"section\">\n<div class=\"elementor-container elementor-column-gap-default\">\n<div class=\"elementor-row\">\n<div class=\"elementor-element elementor-element-1f81a925 elementor-column elementor-col-100 elementor-top-column\" data-id=\"1f81a925\" data-element_type=\"column\">\n<div class=\"elementor-column-wrap elementor-element-populated\">\n<div class=\"elementor-widget-wrap\">\n<div class=\"elementor-element elementor-element-1b6f960 elementor-widget elementor-widget-heading\" data-id=\"1b6f960\" data-element_type=\"widget\" data-widget_type=\"heading.default\">\n<div class=\"elementor-widget-container\">\n<section class=\"elementor-element elementor-element-2e279152 elementor-section-boxed elementor-section-height-default elementor-section-height-default elementor-section elementor-top-section\" data-id=\"2e279152\" data-element_type=\"section\">\n<div class=\"elementor-container elementor-column-gap-default\">\n<div class=\"elementor-row\">\n<div class=\"elementor-element elementor-element-4c95a158 elementor-column elementor-col-100 elementor-top-column\" data-id=\"4c95a158\" data-element_type=\"column\">\n<div class=\"elementor-column-wrap elementor-element-populated\">\n<div class=\"elementor-widget-wrap\">\n<div class=\"elementor-element elementor-element-60b73dc9 elementor-widget elementor-widget-heading\" data-id=\"60b73dc9\" data-element_type=\"widget\" data-widget_type=\"heading.default\">\n<div class=\"elementor-widget-container\">\n<section class=\"elementor-element elementor-element-bc4240 elementor-section-boxed elementor-section-height-default elementor-section-height-default elementor-section elementor-top-section\" data-id=\"bc4240\" data-element_type=\"section\">\n<div class=\"elementor-container elementor-column-gap-default\">\n<div class=\"elementor-row\">\n<div class=\"elementor-element elementor-element-1d627785 elementor-column elementor-col-100 elementor-top-column\" data-id=\"1d627785\" data-element_type=\"column\">\n<div class=\"elementor-column-wrap elementor-element-populated\">\n<div class=\"elementor-widget-wrap\">\n<div class=\"elementor-element elementor-element-1e30bf03 elementor-widget elementor-widget-heading\" data-id=\"1e30bf03\" data-element_type=\"widget\" data-widget_type=\"heading.default\">\n<div class=\"elementor-widget-container\">\n<section class=\"elementor-element elementor-element-7b58d488 elementor-section-boxed elementor-section-height-default elementor-section-height-default elementor-section elementor-top-section\" data-id=\"7b58d488\" data-element_type=\"section\">\n<div class=\"elementor-container elementor-column-gap-default\">\n<div class=\"elementor-row\">\n<div class=\"elementor-element elementor-element-39ced85e elementor-column elementor-col-100 elementor-top-column\" data-id=\"39ced85e\" data-element_type=\"column\">\n<div class=\"elementor-column-wrap elementor-element-populated\">\n<div class=\"elementor-widget-wrap\">\n<div class=\"elementor-element elementor-element-35012895 elementor-widget elementor-widget-heading\" data-id=\"35012895\" data-element_type=\"widget\" data-widget_type=\"heading.default\">\n<div class=\"elementor-widget-container\">\n<section class=\"elementor-element elementor-element-32619fe0 elementor-section-boxed elementor-section-height-default elementor-section-height-default elementor-section elementor-top-section\" data-id=\"32619fe0\" data-element_type=\"section\">\n<div class=\"elementor-container elementor-column-gap-default\">\n<div class=\"elementor-row\">\n<div class=\"elementor-element elementor-element-7e76fa7a elementor-column elementor-col-100 elementor-top-column\" data-id=\"7e76fa7a\" data-element_type=\"column\">\n<div class=\"elementor-column-wrap elementor-element-populated\">\n<div class=\"elementor-widget-wrap\">\n<div class=\"elementor-element elementor-element-19165800 elementor-widget elementor-widget-heading\" data-id=\"19165800\" data-element_type=\"widget\" data-widget_type=\"heading.default\">\n<div class=\"elementor-widget-container\">\n<section class=\"elementor-element elementor-element-6cab78d1 elementor-section-boxed elementor-section-height-default elementor-section-height-default elementor-section elementor-top-section\" data-id=\"6cab78d1\" data-element_type=\"section\">\n<div class=\"elementor-container elementor-column-gap-default\">\n<div class=\"elementor-row\">\n<div class=\"elementor-element elementor-element-669ce2df elementor-column elementor-col-100 elementor-top-column\" data-id=\"669ce2df\" data-element_type=\"column\">\n<div class=\"elementor-column-wrap elementor-element-populated\">\n<div class=\"elementor-widget-wrap\">\n<div class=\"elementor-element elementor-element-2f053fd7 elementor-widget elementor-widget-heading\" data-id=\"2f053fd7\" data-element_type=\"widget\" data-widget_type=\"heading.default\">\n<div class=\"elementor-widget-container\">\n<section class=\"elementor-element elementor-element-17f164e1 elementor-section-boxed elementor-section-height-default elementor-section-height-default elementor-section elementor-top-section\" data-id=\"17f164e1\" data-element_type=\"section\">\n<div class=\"elementor-container elementor-column-gap-default\">\n<div class=\"elementor-row\">\n<div class=\"elementor-element elementor-element-74a4ca60 elementor-column elementor-col-100 elementor-top-column\" data-id=\"74a4ca60\" data-element_type=\"column\">\n<div class=\"elementor-column-wrap elementor-element-populated\">\n<div class=\"elementor-widget-wrap\">\n<div class=\"elementor-element elementor-element-7702a9c1 elementor-widget elementor-widget-heading\" data-id=\"7702a9c1\" data-element_type=\"widget\" data-widget_type=\"heading.default\">\n<div class=\"elementor-widget-container\">\n<section class=\"elementor-element elementor-element-7603f6b6 elementor-section-boxed elementor-section-height-default elementor-section-height-default elementor-section elementor-top-section\" data-id=\"7603f6b6\" data-element_type=\"section\">\n<div class=\"elementor-container elementor-column-gap-default\">\n<div class=\"elementor-row\">\n<div class=\"elementor-element elementor-element-1d6dd231 elementor-column elementor-col-100 elementor-top-column\" data-id=\"1d6dd231\" data-element_type=\"column\">\n<div class=\"elementor-column-wrap elementor-element-populated\">\n<div class=\"elementor-widget-wrap\">\n<div class=\"elementor-element elementor-element-5971c811 elementor-widget elementor-widget-heading\" data-id=\"5971c811\" data-element_type=\"widget\" data-widget_type=\"heading.default\">\n<div class=\"elementor-widget-container\">\n<section class=\"elementor-element elementor-element-45433118 elementor-section-boxed elementor-section-height-default elementor-section-height-default elementor-section elementor-top-section\" data-id=\"45433118\" data-element_type=\"section\">\n<div class=\"elementor-container elementor-column-gap-default\">\n<div class=\"elementor-row\">\n<div class=\"elementor-element elementor-element-582eeee7 elementor-column elementor-col-100 elementor-top-column\" data-id=\"582eeee7\" data-element_type=\"column\">\n<div class=\"elementor-column-wrap elementor-element-populated\">\n<div class=\"elementor-widget-wrap\">\n<div class=\"elementor-element elementor-element-67e4143e elementor-widget elementor-widget-heading\" data-id=\"67e4143e\" data-element_type=\"widget\" data-widget_type=\"heading.default\">\n<div class=\"elementor-widget-container\">\n<section class=\"elementor-element elementor-element-255fafe4 elementor-section-boxed elementor-section-height-default elementor-section-height-default elementor-section elementor-top-section\" data-id=\"255fafe4\" data-element_type=\"section\">\n<div class=\"elementor-container elementor-column-gap-default\">\n<div class=\"elementor-row\">\n<div class=\"elementor-element elementor-element-3b4a811f elementor-column elementor-col-100 elementor-top-column\" data-id=\"3b4a811f\" data-element_type=\"column\">\n<div class=\"elementor-column-wrap elementor-element-populated\">\n<div class=\"elementor-widget-wrap\">\n<div class=\"elementor-element elementor-element-2b3b0d58 elementor-widget elementor-widget-heading\" data-id=\"2b3b0d58\" data-element_type=\"widget\" data-widget_type=\"heading.default\">\n<div class=\"elementor-widget-container\">\n<p class=\"elementor-heading-title elementor-size-default\"><strong>Pers\u00f6nliches Astrofotografie-Mentoring<br \/>\n<\/strong><\/p>\n<\/div>\n<\/div>\n<\/div>\n<\/div>\n<\/div>\n<\/div>\n<\/div>\n<\/section>\n<\/div>\n<\/div>\n<\/div>\n<\/div>\n<\/div>\n<\/div>\n<\/div>\n<\/section>\n<\/div>\n<\/div>\n<\/div>\n<\/div>\n<\/div>\n<\/div>\n<\/div>\n<\/section>\n<\/div>\n<\/div>\n<\/div>\n<\/div>\n<\/div>\n<\/div>\n<\/div>\n<\/section>\n<\/div>\n<\/div>\n<\/div>\n<\/div>\n<\/div>\n<\/div>\n<\/div>\n<\/section>\n<section class=\"elementor-element elementor-element-14a9aaff elementor-section-boxed elementor-section-height-default elementor-section-height-default elementor-section elementor-top-section\" data-id=\"14a9aaff\" data-element_type=\"section\"><\/section>\n<\/div>\n<\/div>\n<\/div>\n<\/div>\n<\/div>\n<\/div>\n<\/div>\n<\/section>\n<\/div>\n<\/div>\n<\/div>\n<\/div>\n<\/div>\n<\/div>\n<\/div>\n<\/section>\n<\/div>\n<\/div>\n<\/div>\n<\/div>\n<\/div>\n<\/div>\n<\/div>\n<\/section>\n<\/div>\n<\/div>\n<\/div>\n<\/div>\n<\/div>\n<\/div>\n<\/div>\n<\/section>\n<\/div>\n<\/div>\n<\/div>\n<\/div>\n<\/div>\n<\/div>\n<\/div>\n<\/section>\n<\/div>\n<\/div>\n<\/div>\n<\/div>\n<\/div>\n<\/div>\n<\/div>\n<\/section>\n<\/div>\n<\/div>\n<\/div>\n<\/div>\n<\/div>\n<\/div>\n<\/div>\n<\/section>\n<\/div>\n<\/div>\n<\/div>\n<\/div>\n<\/div>\n<\/div>\n<\/div>\n<\/section>\n<p>Egal, wo auf der Welt Sie sich befinden, ob Sie Anf\u00e4nger oder Fortgeschrittener sind, auch Sie k\u00f6nnen von meiner Erfahrung profitieren, um Ihre eigenen, atemberaubenden Bilder zu erstellen! Ich kann Ihnen bei der Empfehlung von Ausr\u00fcstung helfen und verf\u00fcge \u00fcber umfangreiche Kenntnisse vieler g\u00e4ngiger Anwendungen wie Pixinsight, Adobe Photoshop, Topaz Denoise\/Sharpen, Sequence Generator Pro &amp; PHD 2.<\/p>\n<p>Es ist ganz einfach - alles, was Sie brauchen, ist ein PC oder Laptop mit einem Mikrofon und\/oder einer Webcam und schon kann es losgehen!<\/p>","protected":false},"featured_media":3409,"comment_status":"open","ping_status":"closed","template":"","meta":{"ngg_post_thumbnail":0},"product_brand":[],"product_cat":[47],"product_tag":[],"class_list":{"0":"post-3408","1":"product","2":"type-product","3":"status-publish","4":"has-post-thumbnail","6":"product_cat-astrophotography","8":"first","9":"instock","10":"virtual","11":"purchasable","12":"product-type-simple"},"jetpack_sharing_enabled":true,"_links":{"self":[{"href":"https:\/\/astrophotomannheim.de\/de\/wp-json\/wp\/v2\/product\/3408","targetHints":{"allow":["GET"]}}],"collection":[{"href":"https:\/\/astrophotomannheim.de\/de\/wp-json\/wp\/v2\/product"}],"about":[{"href":"https:\/\/astrophotomannheim.de\/de\/wp-json\/wp\/v2\/types\/product"}],"replies":[{"embeddable":true,"href":"https:\/\/astrophotomannheim.de\/de\/wp-json\/wp\/v2\/comments?post=3408"}],"wp:featuredmedia":[{"embeddable":true,"href":"https:\/\/astrophotomannheim.de\/de\/wp-json\/wp\/v2\/media\/3409"}],"wp:attachment":[{"href":"https:\/\/astrophotomannheim.de\/de\/wp-json\/wp\/v2\/media?parent=3408"}],"wp:term":[{"taxonomy":"product_brand","embeddable":true,"href":"https:\/\/astrophotomannheim.de\/de\/wp-json\/wp\/v2\/product_brand?post=3408"},{"taxonomy":"product_cat","embeddable":true,"href":"https:\/\/astrophotomannheim.de\/de\/wp-json\/wp\/v2\/product_cat?post=3408"},{"taxonomy":"product_tag","embeddable":true,"href":"https:\/\/astrophotomannheim.de\/de\/wp-json\/wp\/v2\/product_tag?post=3408"}],"curies":[{"name":"wp","href":"https:\/\/api.w.org\/{rel}","templated":true}]}}