{"id":93,"date":"2018-07-16T10:52:44","date_gmt":"2018-07-16T10:52:44","guid":{"rendered":"http:\/\/192.168.1.3\/wp\/kordex\/?page_id=93"},"modified":"2026-03-30T15:51:00","modified_gmt":"2026-03-30T13:51:00","slug":"image-processing","status":"publish","type":"page","link":"https:\/\/astrophotomannheim.de\/de\/image-processing\/","title":{"rendered":"Bildbearbeitung erlernen"},"content":{"rendered":"<div data-elementor-type=\"wp-post\" data-elementor-id=\"93\" class=\"elementor elementor-93\">\n\t\t\t\t\t\t<section class=\"jarallax elementor-section elementor-top-section elementor-element elementor-element-713a1c1 elementor-hidden-tablet elementor-hidden-phone elementor-section-boxed elementor-section-height-default elementor-section-height-default\" data-jarallax=\"\" data-speed=\"0.75\" data-parallax=\"scroll\" style=\"background-image:url(&quot;https:\/\/astrophotomannheim.de\/wp-content\/uploads\/2021\/05\/Header-Image-Processing-1.jpg&quot;);\" data-image-src=\"https:\/\/astrophotomannheim.de\/wp-content\/uploads\/2021\/05\/Header-Image-Processing-1.jpg\" data-id=\"713a1c1\" data-element_type=\"section\" data-settings=\"{&quot;background_background&quot;:&quot;classic&quot;}\">\n\t\t\t\t\t\t\t<div class=\"elementor-background-overlay\"><\/div>\n\t\t\t\t\t\t\t<div class=\"elementor-container elementor-column-gap-default\">\n\t\t\t\t\t<div class=\"elementor-column elementor-col-100 elementor-top-column elementor-element elementor-element-75b8f4f\" data-id=\"75b8f4f\" data-element_type=\"column\">\n\t\t\t<div class=\"elementor-widget-wrap elementor-element-populated\">\n\t\t\t\t\t\t<div class=\"elementor-element elementor-element-d1e4d96 section-size-large section-align-center elementor-widget elementor-widget-section-heading\" data-id=\"d1e4d96\" data-element_type=\"widget\" data-widget_type=\"section-heading.default\">\n\t\t\t\t<div class=\"elementor-widget-container\">\n\t\t\t\t\t<div class=\"section-heading headingstyle-default\"><h3 class=\"entry-title section-title\">BILDBEARBEITUNG ERLERNEN<\/h3><h5 class=\"entry-sub-title section-sub-title\">Pers\u00f6nliches Astrofotografie-Mentoring<\/h5><div class=\"section-description clearfix\"><div class=\"section-description-inner\"><h4> <\/h4>\n<\/div><\/div><\/div>\t\t\t\t<\/div>\n\t\t\t\t<\/div>\n\t\t\t\t\t<\/div>\n\t\t<\/div>\n\t\t\t\t\t<\/div>\n\t\t<\/section>\n\t\t\t\t<section class=\"elementor-section elementor-top-section elementor-element elementor-element-01d971a elementor-section-boxed elementor-section-height-default elementor-section-height-default\" data-id=\"01d971a\" data-element_type=\"section\">\n\t\t\t\t\t\t<div class=\"elementor-container elementor-column-gap-default\">\n\t\t\t\t\t<div class=\"elementor-column elementor-col-100 elementor-top-column elementor-element elementor-element-918a36e\" data-id=\"918a36e\" data-element_type=\"column\">\n\t\t\t<div class=\"elementor-widget-wrap elementor-element-populated\">\n\t\t\t\t\t\t<div class=\"elementor-element elementor-element-e0b9da9 elementor-widget elementor-widget-heading\" data-id=\"e0b9da9\" data-element_type=\"widget\" data-widget_type=\"heading.default\">\n\t\t\t\t<div class=\"elementor-widget-container\">\n\t\t\t\t\t<h2 class=\"elementor-heading-title elementor-size-default\">Want to improve your Astrophotography skills?<\/h2>\t\t\t\t<\/div>\n\t\t\t\t<\/div>\n\t\t\t\t\t<\/div>\n\t\t<\/div>\n\t\t\t\t\t<\/div>\n\t\t<\/section>\n\t\t\t\t<section class=\"elementor-section elementor-top-section elementor-element elementor-element-2172d14 elementor-section-boxed elementor-section-height-default elementor-section-height-default\" data-id=\"2172d14\" data-element_type=\"section\">\n\t\t\t\t\t\t<div class=\"elementor-container elementor-column-gap-default\">\n\t\t\t\t\t<div class=\"elementor-column elementor-col-100 elementor-top-column elementor-element elementor-element-aa32b9c\" data-id=\"aa32b9c\" data-element_type=\"column\">\n\t\t\t<div class=\"elementor-widget-wrap elementor-element-populated\">\n\t\t\t\t\t\t<div class=\"elementor-element elementor-element-3532451 elementor-widget elementor-widget-text-editor\" data-id=\"3532451\" data-element_type=\"widget\" data-widget_type=\"text-editor.default\">\n\t\t\t\t<div class=\"elementor-widget-container\">\n\t\t\t\t\t\t\t\t\t<p><strong><span style=\"font-family: helvetica, arial, sans-serif;\">_______<\/span><\/strong><\/p>\t\t\t\t\t\t\t\t<\/div>\n\t\t\t\t<\/div>\n\t\t\t\t\t<\/div>\n\t\t<\/div>\n\t\t\t\t\t<\/div>\n\t\t<\/section>\n\t\t\t\t<section class=\"elementor-section elementor-top-section elementor-element elementor-element-ed2633c elementor-section-full_width elementor-section-height-default elementor-section-height-default\" data-id=\"ed2633c\" data-element_type=\"section\">\n\t\t\t\t\t\t<div class=\"elementor-container elementor-column-gap-no\">\n\t\t\t\t\t<div class=\"elementor-column elementor-col-50 elementor-top-column elementor-element elementor-element-3f13769\" data-id=\"3f13769\" data-element_type=\"column\">\n\t\t\t<div class=\"elementor-widget-wrap elementor-element-populated\">\n\t\t\t\t\t\t<div class=\"elementor-element elementor-element-79ad5ae elementor-invisible elementor-widget elementor-widget-text-editor\" data-id=\"79ad5ae\" data-element_type=\"widget\" data-settings=\"{&quot;_animation&quot;:&quot;fadeIn&quot;,&quot;_animation_delay&quot;:300}\" data-widget_type=\"text-editor.default\">\n\t\t\t\t<div class=\"elementor-widget-container\">\n\t\t\t\t\t\t\t\t\t<p><span style=\"color: #000000;\">No matter where you are in the world, whether you\u2019re a beginner or advanced imager, you too can draw from my experience to help you create your own very best images! I can help with recommending equipment, and I have extensive knowledge of many popular applications including Pixinsight, Adobe Photoshop, Topaz Denoise\/Sharpen, StarXTerminator &amp; NoiseXTerminator, Sequence Generator Pro, N.I.N.A &amp; PHD 2.<\/span><\/p><p><span style=\"color: #000000;\">Ich besch\u00e4ftige mich erst seit drei Jahren mit der Astrofotografie, habe aber schon viele preisgekr\u00f6nte Astrofotos aufgenommen und bearbeitet. Durch meine t\u00e4gliche Arbeit als professioneller Bildbearbeiter mit einer Erfahrung von \u00fcber 10 Jahren wei\u00df ich genau, wie man die besten Werkzeuge in Ihrem bevorzugten Bildbearbeitungsprogramm einsetzt. In meiner Zeit als Astrofotograf habe ich gelernt, dass die beste Herangehensweise an die Bearbeitung eines Bildes nicht auf einer Software beruht, sondern dass man zwischen verschiedenen Programmen hin und her wechselt, um deren St\u00e4rken zu nutzen und so zu ein gro\u00dfartiges Ergebnis zu erzielen. Ich habe einige Techniken, die Ihnen helfen k\u00f6nnten, die richtige Antwort auf Ihre Probleme zu finden.<\/span><\/p><p><span style=\"color: #000000;\">Es ist ganz einfach - alles, was Sie brauchen, ist ein PC oder Laptop mit einem Mikrofon und\/oder einer Webcam und schon kann es losgehen!<\/span><\/p>\t\t\t\t\t\t\t\t<\/div>\n\t\t\t\t<\/div>\n\t\t\t\t\t<\/div>\n\t\t<\/div>\n\t\t\t\t<div class=\"elementor-column elementor-col-50 elementor-top-column elementor-element elementor-element-ce0df11\" data-id=\"ce0df11\" data-element_type=\"column\" data-settings=\"{&quot;background_background&quot;:&quot;classic&quot;}\">\n\t\t\t<div class=\"elementor-widget-wrap elementor-element-populated\">\n\t\t\t\t\t\t<div class=\"elementor-element elementor-element-26f55c0 elementor-widget elementor-widget-before-after\" data-id=\"26f55c0\" data-element_type=\"widget\" data-widget_type=\"before-after.default\">\n\t\t\t\t<div class=\"elementor-widget-container\">\n\t\t\t\t\t<div id=\"before-after-id-69d2b638ae977\" date-id=\"before-after-69d2b638ae977\" class=\"before-after-detect before-after-shortcode before-after-container\" data-orientation=\"vertical\"><div class=\"twentytwenty-container\"><img decoding=\"async\" src=\"https:\/\/astrophotomannheim.de\/wp-content\/uploads\/2018\/07\/NGC1499-Unprocessed.jpg\" alt=\"\" \/><img decoding=\"async\" src=\"https:\/\/astrophotomannheim.de\/wp-content\/uploads\/2018\/07\/NGC1499-Processed.jpg\" alt=\"\"\/><\/div><\/div>\t\t\t\t<\/div>\n\t\t\t\t<\/div>\n\t\t\t\t\t<\/div>\n\t\t<\/div>\n\t\t\t\t\t<\/div>\n\t\t<\/section>\n\t\t\t\t<section class=\"jarallax elementor-section elementor-top-section elementor-element elementor-element-ba8a87b elementor-section-full_width elementor-section-height-default elementor-section-height-default\" data-jarallax=\"\" data-speed=\"0.75\" data-parallax=\"scroll\" style=\"background-image:url(&quot;https:\/\/astrophotomannheim.de\/wp-content\/uploads\/2020\/06\/am-background.jpg&quot;);\" data-image-src=\"https:\/\/astrophotomannheim.de\/wp-content\/uploads\/2020\/06\/am-background.jpg\" data-id=\"ba8a87b\" data-element_type=\"section\" data-settings=\"{&quot;background_background&quot;:&quot;classic&quot;}\">\n\t\t\t\t\t\t<div class=\"elementor-container elementor-column-gap-narrow\">\n\t\t\t\t\t<div class=\"elementor-column elementor-col-50 elementor-top-column elementor-element elementor-element-7c89cef elementor-invisible\" data-id=\"7c89cef\" data-element_type=\"column\" data-settings=\"{&quot;animation&quot;:&quot;fadeInLeft&quot;}\">\n\t\t\t<div class=\"elementor-widget-wrap elementor-element-populated\">\n\t\t\t\t\t\t<div class=\"elementor-element elementor-element-065da18 elementor-widget elementor-widget-pricing-table\" data-id=\"065da18\" data-element_type=\"widget\" data-widget_type=\"pricing-table.default\">\n\t\t\t\t<div class=\"elementor-widget-container\">\n\t\t\t\t\t<div class=\"pricing-table clearfix\"><div class=\"pricing-column-target column1\"><div class=\"pricing-column-type-1 pricing-column\"><div class=\"pricing-header\"><div class=\"pricing-title\"><h2>Eine Session<\/h2><\/div><div class=\"pricing-section\"><div class=\"pricing-wrap\"><div class=\"pricing-cell\"><span class=\"pricing-currency\">\u20ac<\/span>129<span class=\"pricing-suffix\"><\/span><\/div><div class=\"pricing-duration\">$149<\/div><\/div><\/div><\/div><ul><li class=\"pricing-row pricing-tick-yes\"><i class=\"feather-icon-circle-check\"><\/i>professionelle Bearbeitungsschritte \u00fcbersichtlich erkl\u00e4rt<\/li><li class=\"pricing-row pricing-tick-yes\"><i class=\"feather-icon-circle-check\"><\/i>We edit your imaging project<\/li><li class=\"pricing-row pricing-tick-yes\"><i class=\"feather-icon-circle-check\"><\/i>Schmalband\/Breitband<\/li><li class=\"pricing-row pricing-tick-yes\"><i class=\"feather-icon-circle-check\"><\/i>60 minutes per Session<\/li><li class=\"pricing-row pricing-tick-yes\"><i class=\"feather-icon-circle-check\"><\/i>Pixinsight-Vorlage mit Anleitung<\/li><li class=\"pricing-row pricing-tick-yes\"><i class=\"feather-icon-circle-check\"><\/i>alle notwendigen Plugins<\/li><li class=\"pricing-row pricing-tick-yes\"><i class=\"feather-icon-circle-check\"><\/i>Schnelle Lernkurve<\/li><li class=\"pricing-row pricing-tick-\"><i class=\"feather-icon-cross\"><\/i>Extended E-Mail support<\/li><\/ul><div class=\"pricing-button-wrap\"><a  href=\"https:\/\/astrophotomannheim.de\/de\/shop\/processing-one-session\/\"><div class=\"mtheme-button\">Kaufen<\/div><\/a><\/div><\/div><\/div><\/div>\t\t\t\t<\/div>\n\t\t\t\t<\/div>\n\t\t\t\t\t<\/div>\n\t\t<\/div>\n\t\t\t\t<div class=\"elementor-column elementor-col-50 elementor-top-column elementor-element elementor-element-9ef3f9c\" data-id=\"9ef3f9c\" data-element_type=\"column\">\n\t\t\t<div class=\"elementor-widget-wrap elementor-element-populated\">\n\t\t\t\t\t\t<div class=\"elementor-element elementor-element-15c6c51 featured-pricing-yes elementor-widget__width-initial elementor-invisible elementor-widget elementor-widget-pricing-table\" data-id=\"15c6c51\" data-element_type=\"widget\" data-settings=\"{&quot;_animation&quot;:&quot;fadeIn&quot;}\" data-widget_type=\"pricing-table.default\">\n\t\t\t\t<div class=\"elementor-widget-container\">\n\t\t\t\t\t<div class=\"pricing-table clearfix\"><div class=\"pricing-column-target column1\"><div class=\"pricing-column-type-1 pricing-column\"><div class=\"pricing-header\"><div class=\"pricing-title\"><h2>F\u00fcnf Session<\/h2><\/div><div class=\"pricing-section\"><div class=\"pricing-wrap\"><div class=\"pricing-cell\"><span class=\"pricing-currency\">\u20ac<\/span>579<span class=\"pricing-suffix\"><\/span><\/div><div class=\"pricing-duration\">$669 (Save ~10%)<\/div><\/div><\/div><\/div><ul><li class=\"pricing-row pricing-tick-yes\"><i class=\"feather-icon-circle-check\"><\/i>professionelle Bearbeitungsschritte \u00fcbersichtlich erkl\u00e4rt<\/li><li class=\"pricing-row pricing-tick-yes\"><i class=\"feather-icon-circle-check\"><\/i>We edit your imaging project<\/li><li class=\"pricing-row pricing-tick-yes\"><i class=\"feather-icon-circle-check\"><\/i>Schmalband\/Breitband<\/li><li class=\"pricing-row pricing-tick-yes\"><i class=\"feather-icon-circle-check\"><\/i>60 minutes per Session<\/li><li class=\"pricing-row pricing-tick-yes\"><i class=\"feather-icon-circle-check\"><\/i>Pixinsight-Vorlage mit Anleitung<\/li><li class=\"pricing-row pricing-tick-yes\"><i class=\"feather-icon-circle-check\"><\/i>alle notwendigen Plugins<\/li><li class=\"pricing-row pricing-tick-yes\"><i class=\"feather-icon-circle-check\"><\/i>Schnelle Lernkurve<\/li><li class=\"pricing-row pricing-tick-yes\"><i class=\"feather-icon-circle-check\"><\/i>Extended E-Mail support<\/li><\/ul><div class=\"pricing-button-wrap\"><a  href=\"https:\/\/astrophotomannheim.de\/de\/shop\/processing-five-sessions\/\"><div class=\"mtheme-button\">Kaufen<\/div><\/a><\/div><\/div><\/div><\/div>\t\t\t\t<\/div>\n\t\t\t\t<\/div>\n\t\t\t\t\t<\/div>\n\t\t<\/div>\n\t\t\t\t\t<\/div>\n\t\t<\/section>\n\t\t\t\t<section class=\"elementor-section elementor-top-section elementor-element elementor-element-4913c08 elementor-section-boxed elementor-section-height-default elementor-section-height-default\" data-id=\"4913c08\" data-element_type=\"section\">\n\t\t\t\t\t\t<div class=\"elementor-container elementor-column-gap-default\">\n\t\t\t\t\t<div class=\"elementor-column elementor-col-100 elementor-top-column elementor-element elementor-element-a1c62ec\" data-id=\"a1c62ec\" data-element_type=\"column\">\n\t\t\t<div class=\"elementor-widget-wrap elementor-element-populated\">\n\t\t\t\t\t\t<div class=\"elementor-element elementor-element-8e5db94 elementor-widget elementor-widget-heading\" data-id=\"8e5db94\" data-element_type=\"widget\" data-widget_type=\"heading.default\">\n\t\t\t\t<div class=\"elementor-widget-container\">\n\t\t\t\t\t<h2 class=\"elementor-heading-title elementor-size-default\">Bearbeitungssoftware und Plugins<\/h2>\t\t\t\t<\/div>\n\t\t\t\t<\/div>\n\t\t\t\t\t<\/div>\n\t\t<\/div>\n\t\t\t\t\t<\/div>\n\t\t<\/section>\n\t\t\t\t<section class=\"elementor-section elementor-top-section elementor-element elementor-element-0c3620c elementor-section-boxed elementor-section-height-default elementor-section-height-default\" data-id=\"0c3620c\" data-element_type=\"section\">\n\t\t\t\t\t\t<div class=\"elementor-container elementor-column-gap-default\">\n\t\t\t\t\t<div class=\"elementor-column elementor-col-100 elementor-top-column elementor-element elementor-element-de300f8\" data-id=\"de300f8\" data-element_type=\"column\">\n\t\t\t<div class=\"elementor-widget-wrap elementor-element-populated\">\n\t\t\t\t\t\t<div class=\"elementor-element elementor-element-ac0d26b elementor-widget elementor-widget-text-editor\" data-id=\"ac0d26b\" data-element_type=\"widget\" data-widget_type=\"text-editor.default\">\n\t\t\t\t<div class=\"elementor-widget-container\">\n\t\t\t\t\t\t\t\t\t<p><strong><span style=\"font-family: helvetica, arial, sans-serif;\">_______<\/span><\/strong><\/p>\t\t\t\t\t\t\t\t<\/div>\n\t\t\t\t<\/div>\n\t\t\t\t\t<\/div>\n\t\t<\/div>\n\t\t\t\t\t<\/div>\n\t\t<\/section>\n\t\t\t\t<section class=\"elementor-section elementor-top-section elementor-element elementor-element-979fe68 elementor-section-full_width elementor-section-height-default elementor-section-height-default\" data-id=\"979fe68\" data-element_type=\"section\">\n\t\t\t\t\t\t<div class=\"elementor-container elementor-column-gap-no\">\n\t\t\t\t\t<div class=\"elementor-column elementor-col-50 elementor-top-column elementor-element elementor-element-1c7ddb4\" data-id=\"1c7ddb4\" data-element_type=\"column\">\n\t\t\t<div class=\"elementor-widget-wrap elementor-element-populated\">\n\t\t\t\t\t\t<div class=\"elementor-element elementor-element-febed29 elementor-invisible elementor-widget elementor-widget-text-editor\" data-id=\"febed29\" data-element_type=\"widget\" data-settings=\"{&quot;_animation&quot;:&quot;fadeIn&quot;,&quot;_animation_delay&quot;:300}\" data-widget_type=\"text-editor.default\">\n\t\t\t\t<div class=\"elementor-widget-container\">\n\t\t\t\t\t\t\t\t\t<p><span style=\"color: #000000;\">Bei all meinen bearbeiteten Bildern verfolge ich einen breiten Ansatz und verwende mehrere Programme, um zu einem endg\u00fcltigen Bild zu gelangen. Ich empfehle, sich diese Programme zu besorgen, damit wir vom gleichen Standpunkt aus starten k\u00f6nnen:<\/span><\/p><ul style=\"list-style-type: disc;\"><li><span style=\"color: #000000;\">Pixinsight (Herbert Walter Pixinsight scripts)<\/span><\/li><li><span style=\"color: #000000;\">Adobe Photoshop (AstroFlat Pro, StarSpikes Pro 4)<\/span><\/li><li><span style=\"color: #000000;\">Topaz Labs DeNoise AI<\/span><\/li><li><span style=\"color: #000000;\">RC Astro Suite: BlurXTerminator, NoiseXTerminator &amp; <\/span><span style=\"color: #000000;\">StarXTerminator<\/span><\/li><\/ul><p><\/p><\/div><\/div><\/div><\/div><\/div><\/section><\/div> <a href=\"https:\/\/astrophotomannheim.de\/de\/image-processing\/#more-93\" class=\"more-link elementor-more-link\"><span aria-label=\"Learn Image Processing weiterlesen\">(mehr &hellip;)<\/span><\/a>","protected":false},"excerpt":{"rendered":"<p>LEARN IMAGE PROCESSING One on One Astrophotography Mentoring Want to improve your Astrophotography skills? _______ No matter where you are in the world, whether you\u2019re a beginner or advanced imager, you too can draw from my experience to help you create your own very best images! I can help with recommending equipment, and I have extensive knowledge of many popular applications including Pixinsight, Adobe Photoshop, Topaz Denoise\/Sharpen, StarXTerminator &amp; NoiseXTerminator, Sequence Generator Pro, N.I.N.A &amp; PHD 2. I&#8217;ve been doing [&hellip;]<\/p>","protected":false},"author":1,"featured_media":0,"parent":0,"menu_order":0,"comment_status":"open","ping_status":"closed","template":"","meta":{"ngg_post_thumbnail":0,"footnotes":""},"class_list":["post-93","page","type-page","status-publish","hentry"],"jetpack_sharing_enabled":true,"_links":{"self":[{"href":"https:\/\/astrophotomannheim.de\/de\/wp-json\/wp\/v2\/pages\/93","targetHints":{"allow":["GET"]}}],"collection":[{"href":"https:\/\/astrophotomannheim.de\/de\/wp-json\/wp\/v2\/pages"}],"about":[{"href":"https:\/\/astrophotomannheim.de\/de\/wp-json\/wp\/v2\/types\/page"}],"author":[{"embeddable":true,"href":"https:\/\/astrophotomannheim.de\/de\/wp-json\/wp\/v2\/users\/1"}],"replies":[{"embeddable":true,"href":"https:\/\/astrophotomannheim.de\/de\/wp-json\/wp\/v2\/comments?post=93"}],"version-history":[{"count":148,"href":"https:\/\/astrophotomannheim.de\/de\/wp-json\/wp\/v2\/pages\/93\/revisions"}],"predecessor-version":[{"id":6050,"href":"https:\/\/astrophotomannheim.de\/de\/wp-json\/wp\/v2\/pages\/93\/revisions\/6050"}],"wp:attachment":[{"href":"https:\/\/astrophotomannheim.de\/de\/wp-json\/wp\/v2\/media?parent=93"}],"curies":[{"name":"wp","href":"https:\/\/api.w.org\/{rel}","templated":true}]}}