{"id":3185,"date":"2020-08-18T23:18:03","date_gmt":"2020-08-18T21:18:03","guid":{"rendered":"https:\/\/astrophotomannheim.de\/?page_id=3185"},"modified":"2022-10-11T00:05:36","modified_gmt":"2022-10-10T22:05:36","slug":"impressum","status":"publish","type":"page","link":"https:\/\/astrophotomannheim.de\/de\/impressum\/","title":{"rendered":"Impressum"},"content":{"rendered":"<div data-elementor-type=\"wp-page\" data-elementor-id=\"3185\" class=\"elementor elementor-3185\">\n\t\t\t\t\t\t<section class=\"elementor-section elementor-top-section elementor-element elementor-element-3d1a90dd elementor-section-boxed elementor-section-height-default elementor-section-height-default\" data-id=\"3d1a90dd\" data-element_type=\"section\">\n\t\t\t\t\t\t<div class=\"elementor-container elementor-column-gap-default\">\n\t\t\t\t\t<div class=\"elementor-column elementor-col-100 elementor-top-column elementor-element elementor-element-653275cb\" data-id=\"653275cb\" data-element_type=\"column\">\n\t\t\t<div class=\"elementor-widget-wrap elementor-element-populated\">\n\t\t\t\t\t\t<div class=\"elementor-element elementor-element-8fb8bc elementor-widget elementor-widget-heading\" data-id=\"8fb8bc\" data-element_type=\"widget\" data-widget_type=\"heading.default\">\n\t\t\t\t<div class=\"elementor-widget-container\">\n\t\t\t\t\t<h2 class=\"elementor-heading-title elementor-size-default\">IMPRESSUM<\/h2>\t\t\t\t<\/div>\n\t\t\t\t<\/div>\n\t\t\t\t\t<\/div>\n\t\t<\/div>\n\t\t\t\t\t<\/div>\n\t\t<\/section>\n\t\t\t\t<section class=\"elementor-section elementor-top-section elementor-element elementor-element-58e41cbe elementor-section-boxed elementor-section-height-default elementor-section-height-default\" data-id=\"58e41cbe\" data-element_type=\"section\">\n\t\t\t\t\t\t<div class=\"elementor-container elementor-column-gap-default\">\n\t\t\t\t\t<div class=\"elementor-column elementor-col-100 elementor-top-column elementor-element elementor-element-4dad4730\" data-id=\"4dad4730\" data-element_type=\"column\">\n\t\t\t<div class=\"elementor-widget-wrap elementor-element-populated\">\n\t\t\t\t\t\t<div class=\"elementor-element elementor-element-657b49b8 elementor-widget elementor-widget-text-editor\" data-id=\"657b49b8\" data-element_type=\"widget\" data-widget_type=\"text-editor.default\">\n\t\t\t\t<div class=\"elementor-widget-container\">\n\t\t\t\t\t\t\t\t\t<p><strong><span style=\"font-family: helvetica, arial, sans-serif;\">_______<\/span><\/strong><\/p>\t\t\t\t\t\t\t\t<\/div>\n\t\t\t\t<\/div>\n\t\t\t\t\t<\/div>\n\t\t<\/div>\n\t\t\t\t\t<\/div>\n\t\t<\/section>\n\t\t\t\t<section class=\"elementor-section elementor-top-section elementor-element elementor-element-6c99fcdf elementor-section-boxed elementor-section-height-default elementor-section-height-default\" data-id=\"6c99fcdf\" data-element_type=\"section\">\n\t\t\t\t\t\t<div class=\"elementor-container elementor-column-gap-default\">\n\t\t\t\t\t<div class=\"elementor-column elementor-col-100 elementor-top-column elementor-element elementor-element-11a0758f\" data-id=\"11a0758f\" data-element_type=\"column\">\n\t\t\t<div class=\"elementor-widget-wrap elementor-element-populated\">\n\t\t\t\t\t\t<div class=\"elementor-element elementor-element-63f8beb6 elementor-widget elementor-widget-text-editor\" data-id=\"63f8beb6\" data-element_type=\"widget\" data-widget_type=\"text-editor.default\">\n\t\t\t\t<div class=\"elementor-widget-container\">\n\t\t\t\t\t\t\t\t\t<div><p>Liebe Besucher der Internetseite, ich m\u00f6chte Sie darauf hinweisen, dass alle Inhalte dieser Seiten dem Urheberrecht unterliegen und weder ver\u00e4ndert, vervielf\u00e4ltigt, an Dritte weitergegeben oder anderweitig verwendet werden d\u00fcrfen, es sei denn, es wurde ausdr\u00fccklich erlaubt.<\/p><h5>\u00a0<\/h5><h5><span style=\"color: #000000;\">Verantwortlich f\u00fcr den Inhalt nach \u00a7 55 Abs. 2 RStV, sowie Bildquellen<br \/><\/span><\/h5><p>Yannick Akar <br \/>Michael-Bitterich-Weg 5<br \/>68163 Mannheim<br \/>Deutschland (Germany)<\/p><h5>\u00a0<\/h5><h5><span style=\"color: #000000;\">E-Mail<\/span><\/h5><p>yannick-akar@astrophotomannheim.de<\/p><\/div><div><div><h5>\u00a0<\/h5><h5><span style=\"color: #000000;\">Disclamer<\/span><\/h5><\/div><div><p><b>1. Inhalt des Onlineangebotes:<\/b><br \/>Der Autor \u00fcbernimmt keinerlei Gew\u00e4hr f\u00fcr die Aktualit\u00e4t, Korrektheit, Vollst\u00e4ndigkeit oder Qualit\u00e4t der bereitgestellten Informationen. Haftungsanspr\u00fcche gegen den Autor, welche sich auf Sch\u00e4den materieller oder ideeller Art beziehen, die durch die Nutzung oder Nichtnutzung der dargebotenen Informationen bzw. durch die Nutzung fehlerhafter und unvollst\u00e4ndiger Informationen verursacht wurden, sind grunds\u00e4tzlich ausgeschlossen, sofern seitens des Autors kein nachweislich vors\u00e4tzliches oder grob fahrl\u00e4ssiges Verschulden vorliegt. Alle Angebote sind freibleibend und unverbindlich. Der Autor beh\u00e4lt es sich ausdr\u00fccklich vor, Teile der Seiten oder das gesamte Angebot ohne gesonderte Ank\u00fcndigung zu ver\u00e4ndern, zu erg\u00e4nzen, zu l\u00f6schen oder die Ver\u00f6ffentlichung zeitweise oder endg\u00fcltig einzustellen.<\/p><p><b>2. Verweise und Links:<\/b><br \/>Bei direkten oder indirekten Verweisen auf fremde Webseiten (\u00bbHyperlinks\u00ab), die au\u00dferhalb des Verantwortungsbereiches des Autors liegen, w\u00fcrde eine Haftungsverpflichtung ausschlie\u00dflich in dem Fall in Kraft treten, in dem der Autor von den Inhalten Kenntnis hat und es ihm technisch m\u00f6glich und zumutbar w\u00e4re, die Nutzung im Falle rechtswidriger Inhalte zu verhindern. Der Autor erkl\u00e4rt hiermit ausdr\u00fccklich, dass zum Zeitpunkt der Linksetzung keine illegalen Inhalte auf den zu verlinkenden Seiten erkennbar waren.<\/p><p>Auf die aktuelle und zuk\u00fcnftige Gestaltung, die Inhalte oder die Urheberschaft der verlinkten\/verkn\u00fcpften Seiten hat der Autor keinerlei Einfluss. Deshalb distanziert er sich hiermit ausdr\u00fccklich von allen Inhalten aller verlinkten\/verkn\u00fcpften Seiten, die nach der Linksetzung ver\u00e4ndert wurden. Diese Feststellung gilt f\u00fcr alle innerhalb des eigenen Internetangebotes gesetzten Links und Verweise sowie f\u00fcr Fremdeintr\u00e4ge in vom Autor eingerichteten G\u00e4steb\u00fcchern, Diskussionsforen, Linkverzeichnissen, Mailinglisten und in allen anderen Formen von Datenbanken, auf deren Inhalt externe Schreibzugriffe m\u00f6glich sind. F\u00fcr illegale, fehlerhafte oder unvollst\u00e4ndige Inhalte und insbesondere f\u00fcr Sch\u00e4den, die aus der Nutzung oder Nichtnutzung solcherart dargebotener Informationen entstehen, haftet allein der Anbieter der Seite, auf welche verwiesen wurde, nicht derjenige, der \u00fcber Links auf die jeweilige Ver\u00f6ffentlichung lediglich verweist.<\/p><p><b>3. Urheber- und Kennzeichenrecht:<\/b><\/p><p id=\"u203361-46\" class=\"Body-Text-Small shared_content\" data-content-guid=\"u203361-46_content\">Der Autor ist bestrebt, in allen Publikationen die Urheberrechte der verwendeten Grafiken, Tondokumente, Videosequenzen und Texte zu beachten, von ihm selbst erstellte Grafiken, Tondokumente, Videosequenzen und Texte zu nutzen oder auf lizenzfreie Grafiken, Tondokumente, Videosequenzen und Texte zur\u00fcckzugreifen. Alle innerhalb des Internetangebotes genannten und ggf. durch Dritte gesch\u00fctzten Marken- und Warenzeichen unterliegen uneingeschr\u00e4nkt den Bestimmungen des jeweils g\u00fcltigen Kennzeichenrechts und den Besitzrechten der jeweiligen eingetragenen Eigent\u00fcmer. Allein aufgrund der blo\u00dfen Nennung ist nicht der Schluss zu ziehen, dass Markenzeichen nicht durch Rechte Dritter gesch\u00fctzt sind!<\/p><p id=\"u203361-48\" class=\"Body-Text-Small shared_content\" data-content-guid=\"u203361-48_content\">Das Copyright f\u00fcr ver\u00f6ffentlichte, vom Autor selbst erstellte Objekte bleibt allein beim Autor der Seiten. Eine Vervielf\u00e4ltigung oder Verwendung solcher Grafiken, Tondokumente, Videosequenzen und Texte in anderen elektronischen oder gedruckten Publikationen ist ohne ausdr\u00fcckliche Zustimmung des Autors nicht gestattet.<\/p><\/div><\/div><p><\/p><\/div><\/div><\/div><\/div><\/div><\/section><\/div> <a href=\"https:\/\/astrophotomannheim.de\/de\/impressum\/#more-3185\" class=\"more-link elementor-more-link\"><span aria-label=\"Impressum weiterlesen\">(mehr &hellip;)<\/span><\/a>","protected":false},"excerpt":{"rendered":"<p>CREDITS _______ Dear visitors of the website, I would like to point out that all contents of these pages are subject to copyright and may not be changed, duplicated, passed on to third parties or used in any other way, unless it has been expressly permitted. \u00a0 Responsible for the content and image sources Yannick Akar Michael-Bitterich-Weg 568163 MannheimDeutschland (Germany) \u00a0 E-Mail yannick-akar@astrophotomannheim.de \u00a0 Disclamer 1. Contents of the online offer:The author reserves the right not to be responsible for [&hellip;]<\/p>","protected":false},"author":1,"featured_media":0,"parent":0,"menu_order":0,"comment_status":"closed","ping_status":"closed","template":"","meta":{"ngg_post_thumbnail":0,"footnotes":""},"class_list":["post-3185","page","type-page","status-publish","hentry"],"jetpack_sharing_enabled":true,"_links":{"self":[{"href":"https:\/\/astrophotomannheim.de\/de\/wp-json\/wp\/v2\/pages\/3185","targetHints":{"allow":["GET"]}}],"collection":[{"href":"https:\/\/astrophotomannheim.de\/de\/wp-json\/wp\/v2\/pages"}],"about":[{"href":"https:\/\/astrophotomannheim.de\/de\/wp-json\/wp\/v2\/types\/page"}],"author":[{"embeddable":true,"href":"https:\/\/astrophotomannheim.de\/de\/wp-json\/wp\/v2\/users\/1"}],"replies":[{"embeddable":true,"href":"https:\/\/astrophotomannheim.de\/de\/wp-json\/wp\/v2\/comments?post=3185"}],"version-history":[{"count":14,"href":"https:\/\/astrophotomannheim.de\/de\/wp-json\/wp\/v2\/pages\/3185\/revisions"}],"predecessor-version":[{"id":4384,"href":"https:\/\/astrophotomannheim.de\/de\/wp-json\/wp\/v2\/pages\/3185\/revisions\/4384"}],"wp:attachment":[{"href":"https:\/\/astrophotomannheim.de\/de\/wp-json\/wp\/v2\/media?parent=3185"}],"curies":[{"name":"wp","href":"https:\/\/api.w.org\/{rel}","templated":true}]}}